{"id":4388,"date":"2023-01-09T15:31:10","date_gmt":"2023-01-09T14:31:10","guid":{"rendered":"https:\/\/www.wysspartner.ch\/?page_id=4388"},"modified":"2025-10-23T10:37:14","modified_gmt":"2025-10-23T08:37:14","slug":"anlegerinformationen","status":"publish","type":"page","link":"https:\/\/www.wysspartner.ch\/en\/anlegerinformationen\/","title":{"rendered":"<strong>Investor Information<\/strong>"},"content":{"rendered":"<div data-elementor-type=\"wp-page\" data-elementor-id=\"4388\" class=\"elementor elementor-4388\">\n\t\t\t\t\t\t\t\t\t<section class=\"elementor-section elementor-top-section elementor-element elementor-element-12beeb5 elementor-section-height-min-height elementor-section-items-bottom elementor-section-boxed elementor-section-height-default\" data-id=\"12beeb5\" data-element_type=\"section\" data-settings='{\"background_background\":\"classic\"}'>\n\t\t\t\t\t\t\t<div class=\"elementor-background-overlay\"><\/div>\n\t\t\t\t\t\t\t<div class=\"elementor-container elementor-column-gap-default\">\n\t\t\t\t\t<div class=\"elementor-column elementor-col-100 elementor-top-column elementor-element elementor-element-9ed2aa9\" data-id=\"9ed2aa9\" data-element_type=\"column\">\n\t\t\t<div class=\"elementor-widget-wrap elementor-element-populated\">\n\t\t\t\t\t\t\t\t<div class=\"elementor-element elementor-element-2e2c814 elementor-widget elementor-widget-heading\" data-id=\"2e2c814\" data-element_type=\"widget\" data-widget_type=\"heading.default\">\n\t\t\t\t<div class=\"elementor-widget-container\">\n\t\t\t<style>\/*! elementor - v3.7.5 - 14-09-2022 *\/\n.elementor-heading-title{padding:0;margin:0;line-height:1}.elementor-widget-heading .elementor-heading-title[class*=elementor-size-]>a{color:inherit;font-size:inherit;line-height:inherit}.elementor-widget-heading .elementor-heading-title.elementor-size-small{font-size:15px}.elementor-widget-heading .elementor-heading-title.elementor-size-medium{font-size:19px}.elementor-widget-heading .elementor-heading-title.elementor-size-large{font-size:29px}.elementor-widget-heading .elementor-heading-title.elementor-size-xl{font-size:39px}.elementor-widget-heading .elementor-heading-title.elementor-size-xxl{font-size:59px}<\/style><h1 class=\"elementor-heading-title elementor-size-default\">Investor Information<\/h1>\t\t<\/div>\n\t\t\t\t<\/div>\n\t\t\t\t\t<\/div>\n\t\t<\/div>\n\t\t\t\t\t\t\t<\/div>\n\t\t<\/section>\n\t\t\t\t<section class=\"elementor-section elementor-top-section elementor-element elementor-element-3faaaef elementor-section-boxed elementor-section-height-default elementor-section-height-default\" data-id=\"3faaaef\" data-element_type=\"section\" data-settings='{\"background_background\":\"classic\"}'>\n\t\t\t\t\t\t<div class=\"elementor-container elementor-column-gap-default\">\n\t\t\t\t\t<div class=\"elementor-column elementor-col-100 elementor-top-column elementor-element elementor-element-f9ae135\" data-id=\"f9ae135\" data-element_type=\"column\">\n\t\t\t<div class=\"elementor-widget-wrap elementor-element-populated\">\n\t\t\t\t\t\t\t\t<div class=\"elementor-element elementor-element-bbbbe2f elementor-widget elementor-widget-text-editor\" data-id=\"bbbbe2f\" data-element_type=\"widget\" data-widget_type=\"text-editor.default\">\n\t\t\t\t<div class=\"elementor-widget-container\">\n\t\t\t<style>\/*! elementor - v3.7.5 - 14-09-2022 *\/\n.elementor-widget-text-editor.elementor-drop-cap-view-stacked .elementor-drop-cap{background-color:#818a91;color:#fff}.elementor-widget-text-editor.elementor-drop-cap-view-framed .elementor-drop-cap{color:#818a91;border:3px solid;background-color:transparent}.elementor-widget-text-editor:not(.elementor-drop-cap-view-default) .elementor-drop-cap{margin-top:8px}.elementor-widget-text-editor:not(.elementor-drop-cap-view-default) .elementor-drop-cap-letter{width:1em;height:1em}.elementor-widget-text-editor .elementor-drop-cap{float:left;text-align:center;line-height:1;font-size:50px}.elementor-widget-text-editor .elementor-drop-cap-letter{display:inline-block}<\/style>\t\t\t\t<p><!-- wp:heading --><\/p>\n<p><strong>Investor Information<\/strong><\/p>\n<p><a href=\"https:\/\/wysspartner.ch\/wp-content\/uploads\/2025\/10\/Beschwerdeverfahren_DE_2025_10_22.pdf\" target=\"_blank\" rel=\"noopener\"><span class=\"text-link\">Complaints Procedure<\/span><\/a><\/p>\n<p class=\"link-download\"><a href=\"https:\/\/wysspartner.ch\/wp-content\/uploads\/2025\/10\/Best_Execution_DE_2025_10_22.pdf\" target=\"_blank\" rel=\"noopener\"><span class=\"text-link\">Best Execution<\/span><span class=\"download\"><svg xmlns=\"http:\/\/www.w3.org\/2000\/svg\" viewbox=\"0 0 25.101 30.179\">\n    <g fill=\"none\" stroke=\"#000\" stroke-width=\"4\">\n        <path d=\"m12.654.001-.029 21.589\"><\/path>\n        <path stroke-linecap=\"square\" d=\"M23.739 29.178H1.567m10.684-7.588L1.357 15.607m11.675 5.983 10.707-5.983\"><\/path>\n    <\/g>\n<\/svg><\/span><\/a><\/p>\n<p class=\"link-download\"><a href=\"https:\/\/wysspartner.ch\/wp-content\/uploads\/2025\/10\/Interessenkonflikte_DE_2025_10_22.pdf\" target=\"_blank\" rel=\"noopener\"><span class=\"text-link\">Conflicts of Interest<\/span><span class=\"download\"><svg xmlns=\"http:\/\/www.w3.org\/2000\/svg\" viewbox=\"0 0 25.101 30.179\">\n    <g fill=\"none\" stroke=\"#000\" stroke-width=\"4\">\n        <path d=\"m12.654.001-.029 21.589\"><\/path>\n        <path stroke-linecap=\"square\" d=\"M23.739 29.178H1.567m10.684-7.588L1.357 15.607m11.675 5.983 10.707-5.983\"><\/path>\n    <\/g>\n<\/svg><\/span><\/a><\/p>\n<p class=\"link-download\"><a href=\"https:\/\/wysspartner.ch\/wp-content\/uploads\/2025\/10\/Mitwirkungspolitik_DE_2025_10_22.pdf\" target=\"_blank\" rel=\"noopener\"><span class=\"text-link\">Engagement Policy<\/span><span class=\"download\"><svg xmlns=\"http:\/\/www.w3.org\/2000\/svg\" viewbox=\"0 0 25.101 30.179\">\n    <g fill=\"none\" stroke=\"#000\" stroke-width=\"4\">\n        <path d=\"m12.654.001-.029 21.589\"><\/path>\n        <path stroke-linecap=\"square\" d=\"M23.739 29.178H1.567m10.684-7.588L1.357 15.607m11.675 5.983 10.707-5.983\"><\/path>\n    <\/g>\n<\/svg><\/span><\/a><\/p>\n<p class=\"link-download\"><a href=\"https:\/\/wysspartner.ch\/wp-content\/uploads\/2025\/10\/Nachhaltigkeitsgrundsatze_DE_2025_10_22.pdf\" target=\"_blank\" rel=\"noopener\"><span class=\"text-link\">Sustainability Principles<\/span><span class=\"download\"><svg xmlns=\"http:\/\/www.w3.org\/2000\/svg\" viewbox=\"0 0 25.101 30.179\">\n    <g fill=\"none\" stroke=\"#000\" stroke-width=\"4\">\n        <path d=\"m12.654.001-.029 21.589\"><\/path>\n        <path stroke-linecap=\"square\" d=\"M23.739 29.178H1.567m10.684-7.588L1.357 15.607m11.675 5.983 10.707-5.983\"><\/path>\n    <\/g>\n<\/svg><\/span><\/a><\/p>\n<p class=\"link-download\"><a href=\"https:\/\/wysspartner.ch\/wp-content\/uploads\/2025\/10\/Steuerliche_Implikationen_DE_2025_10_22.pdf\" target=\"_blank\" rel=\"noopener\"><span class=\"text-link\">Tax implications<\/span><span class=\"download\"><svg xmlns=\"http:\/\/www.w3.org\/2000\/svg\" viewbox=\"0 0 25.101 30.179\">\n    <g fill=\"none\" stroke=\"#000\" stroke-width=\"4\">\n        <path d=\"m12.654.001-.029 21.589\"><\/path>\n        <path stroke-linecap=\"square\" d=\"M23.739 29.178H1.567m10.684-7.588L1.357 15.607m11.675 5.983 10.707-5.983\"><\/path>\n    <\/g>\n<\/svg><\/span><\/a><\/p>\n<p class=\"link-download\"><a href=\"https:\/\/wysspartner.ch\/wp-content\/uploads\/2025\/10\/Vergutungsgrundsatze_DE_2025_10_22.pdf\" target=\"_blank\" rel=\"noopener\"><span class=\"text-link\">Remuneration Principles<\/span><span class=\"download\"><svg xmlns=\"http:\/\/www.w3.org\/2000\/svg\" viewbox=\"0 0 25.101 30.179\">\n    <g fill=\"none\" stroke=\"#000\" stroke-width=\"4\">\n        <path d=\"m12.654.001-.029 21.589\"><\/path>\n        <path stroke-linecap=\"square\" d=\"M23.739 29.178H1.567m10.684-7.588L1.357 15.607m11.675 5.983 10.707-5.983\"><\/path>\n    <\/g>\n<\/svg><\/span><\/a><\/p>\n<p><!-- \/wp:paragraph --><\/p>\t\t\t\t\t\t<\/div>\n\t\t\t\t<\/div>\n\t\t\t\t\t<\/div>\n\t\t<\/div>\n\t\t\t\t\t\t\t<\/div>\n\t\t<\/section>\n\t\t\t\t\t\t\t<\/div>","protected":false},"excerpt":{"rendered":"<p>Anlegerinformationen Anlegerinformation Beschewerdeverfahren Best Execution Interessenskonflikte Mitwirkungspolitik Nachhaltigkeitsgrunds\u00e4tze Steuerliche Implikationen Verg\u00fctungsgrunds\u00e4tze<\/p>","protected":false},"author":1,"featured_media":0,"parent":0,"menu_order":0,"comment_status":"closed","ping_status":"closed","template":"","meta":[],"_links":{"self":[{"href":"https:\/\/www.wysspartner.ch\/en\/wp-json\/wp\/v2\/pages\/4388"}],"collection":[{"href":"https:\/\/www.wysspartner.ch\/en\/wp-json\/wp\/v2\/pages"}],"about":[{"href":"https:\/\/www.wysspartner.ch\/en\/wp-json\/wp\/v2\/types\/page"}],"author":[{"embeddable":true,"href":"https:\/\/www.wysspartner.ch\/en\/wp-json\/wp\/v2\/users\/1"}],"replies":[{"embeddable":true,"href":"https:\/\/www.wysspartner.ch\/en\/wp-json\/wp\/v2\/comments?post=4388"}],"version-history":[{"count":64,"href":"https:\/\/www.wysspartner.ch\/en\/wp-json\/wp\/v2\/pages\/4388\/revisions"}],"predecessor-version":[{"id":13895,"href":"https:\/\/www.wysspartner.ch\/en\/wp-json\/wp\/v2\/pages\/4388\/revisions\/13895"}],"wp:attachment":[{"href":"https:\/\/www.wysspartner.ch\/en\/wp-json\/wp\/v2\/media?parent=4388"}],"curies":[{"name":"wp","href":"https:\/\/api.w.org\/{rel}","templated":true}]}}