{"id":2691,"date":"2022-06-27T10:44:41","date_gmt":"2022-06-27T08:44:41","guid":{"rendered":"https:\/\/www.wysspartner.ch\/?page_id=2691"},"modified":"2022-06-27T10:51:10","modified_gmt":"2022-06-27T08:51:10","slug":"impressum","status":"publish","type":"page","link":"https:\/\/www.wysspartner.ch\/en\/impressum\/","title":{"rendered":"Imprint"},"content":{"rendered":"<div data-elementor-type=\"wp-page\" data-elementor-id=\"2691\" class=\"elementor elementor-2691\">\n\t\t\t\t\t\t\t\t\t<section class=\"elementor-section elementor-top-section elementor-element elementor-element-dabd6fa elementor-section-height-min-height elementor-section-items-bottom elementor-section-boxed elementor-section-height-default\" data-id=\"dabd6fa\" data-element_type=\"section\" data-settings='{\"background_background\":\"classic\"}'>\n\t\t\t\t\t\t\t<div class=\"elementor-background-overlay\"><\/div>\n\t\t\t\t\t\t\t<div class=\"elementor-container elementor-column-gap-default\">\n\t\t\t\t\t<div class=\"elementor-column elementor-col-100 elementor-top-column elementor-element elementor-element-e2120e7\" data-id=\"e2120e7\" data-element_type=\"column\">\n\t\t\t<div class=\"elementor-widget-wrap elementor-element-populated\">\n\t\t\t\t\t\t\t\t<div class=\"elementor-element elementor-element-9ce48f4 elementor-widget elementor-widget-heading\" data-id=\"9ce48f4\" data-element_type=\"widget\" data-widget_type=\"heading.default\">\n\t\t\t\t<div class=\"elementor-widget-container\">\n\t\t\t<style>\/*! elementor - v3.7.5 - 14-09-2022 *\/\n.elementor-heading-title{padding:0;margin:0;line-height:1}.elementor-widget-heading .elementor-heading-title[class*=elementor-size-]>a{color:inherit;font-size:inherit;line-height:inherit}.elementor-widget-heading .elementor-heading-title.elementor-size-small{font-size:15px}.elementor-widget-heading .elementor-heading-title.elementor-size-medium{font-size:19px}.elementor-widget-heading .elementor-heading-title.elementor-size-large{font-size:29px}.elementor-widget-heading .elementor-heading-title.elementor-size-xl{font-size:39px}.elementor-widget-heading .elementor-heading-title.elementor-size-xxl{font-size:59px}<\/style><h1 class=\"elementor-heading-title elementor-size-default\">Imprint<\/h1>\t\t<\/div>\n\t\t\t\t<\/div>\n\t\t\t\t\t<\/div>\n\t\t<\/div>\n\t\t\t\t\t\t\t<\/div>\n\t\t<\/section>\n\t\t\t\t<section class=\"elementor-section elementor-top-section elementor-element elementor-element-09ed358 elementor-section-boxed elementor-section-height-default elementor-section-height-default\" data-id=\"09ed358\" data-element_type=\"section\" data-settings='{\"background_background\":\"classic\"}'>\n\t\t\t\t\t\t<div class=\"elementor-container elementor-column-gap-default\">\n\t\t\t\t\t<div class=\"elementor-column elementor-col-100 elementor-top-column elementor-element elementor-element-dbb9d90\" data-id=\"dbb9d90\" data-element_type=\"column\">\n\t\t\t<div class=\"elementor-widget-wrap elementor-element-populated\">\n\t\t\t\t\t\t\t\t<div class=\"elementor-element elementor-element-a46f86e elementor-widget elementor-widget-text-editor\" data-id=\"a46f86e\" data-element_type=\"widget\" data-widget_type=\"text-editor.default\">\n\t\t\t\t<div class=\"elementor-widget-container\">\n\t\t\t<style>\/*! elementor - v3.7.5 - 14-09-2022 *\/\n.elementor-widget-text-editor.elementor-drop-cap-view-stacked .elementor-drop-cap{background-color:#818a91;color:#fff}.elementor-widget-text-editor.elementor-drop-cap-view-framed .elementor-drop-cap{color:#818a91;border:3px solid;background-color:transparent}.elementor-widget-text-editor:not(.elementor-drop-cap-view-default) .elementor-drop-cap{margin-top:8px}.elementor-widget-text-editor:not(.elementor-drop-cap-view-default) .elementor-drop-cap-letter{width:1em;height:1em}.elementor-widget-text-editor .elementor-drop-cap{float:left;text-align:center;line-height:1;font-size:50px}.elementor-widget-text-editor .elementor-drop-cap-letter{display:inline-block}<\/style>\t\t\t\t<p><!-- wp:heading --><\/p><p><strong>Content<\/strong><\/p><p>Wyss &amp; Partner<br>Asset Management and<br>Investment Counselling AG<br>Bahnhofstrasse 17<\/p><p>7323 Wangs, Schweiz<br>P <a href=\"tel:+41817200688\">+41 81 720 06 88<\/a><br><a href=\"mailto:info@wysspartner.ch\">info@wysspartner.ch<\/a><br><br><br><strong>Concept\/Design<\/strong><\/p><p>Martin et Karczinski AG<br>Staffelstrasse 12<br>8045 Z\u00fcrich<br><a href=\"mailto:info@martinetkarczinski.ch\">info@martinetkarczinski.ch<\/a><br><br><br><strong>Photography<\/strong><\/p><p>Foto Fetzer<br>Bartholom\u00e9platz 11<br>7310 Bad Ragaz<br><a href=\"tel:+41813021110\">+41 81 302 11 10<\/a><br><a href=\"mailto:info@fetzer.ch\">info@fetzer.ch<\/a><br><br><br><strong>Programming<\/strong><\/p><p>twofold (Schweiz) AG<br>Thurgauerstrasse 54<br>8050 Z\u00fcrich<br><a href=\"tel:+41445334230\">+41 44 533 42 30<\/a><br><a href=\"mailto:hi@twofold.swiss\">hi@twofold.swiss<\/a><\/p><p><!-- \/wp:paragraph --><\/p>\t\t\t\t\t\t<\/div>\n\t\t\t\t<\/div>\n\t\t\t\t\t<\/div>\n\t\t<\/div>\n\t\t\t\t\t\t\t<\/div>\n\t\t<\/section>\n\t\t\t\t\t\t\t<\/div>","protected":false},"excerpt":{"rendered":"<p>Impressum Inhalt Wyss &amp; PartnerVerm\u00f6gensverwaltung undAnlageberatung AGBahnhofstrasse 17 7323 Wangs, SchweizP +41 81 720 06 88info@wysspartner.ch Konzeption\/Design Martin et Karczinski AGStaffelstrasse 128045 Z\u00fcrichinfo@martinetkarczinski.ch Fotografie Foto FetzerBartholom\u00e9platz 117310 Bad Ragaz+41 81 302 11 10info@fetzer.ch Programmierung twofold (Schweiz) AGThurgauerstrasse 548050 Z\u00fcrich+41 44 533 42 30hi@twofold.swiss<\/p>","protected":false},"author":1,"featured_media":0,"parent":0,"menu_order":0,"comment_status":"closed","ping_status":"closed","template":"","meta":[],"_links":{"self":[{"href":"https:\/\/www.wysspartner.ch\/en\/wp-json\/wp\/v2\/pages\/2691"}],"collection":[{"href":"https:\/\/www.wysspartner.ch\/en\/wp-json\/wp\/v2\/pages"}],"about":[{"href":"https:\/\/www.wysspartner.ch\/en\/wp-json\/wp\/v2\/types\/page"}],"author":[{"embeddable":true,"href":"https:\/\/www.wysspartner.ch\/en\/wp-json\/wp\/v2\/users\/1"}],"replies":[{"embeddable":true,"href":"https:\/\/www.wysspartner.ch\/en\/wp-json\/wp\/v2\/comments?post=2691"}],"version-history":[{"count":10,"href":"https:\/\/www.wysspartner.ch\/en\/wp-json\/wp\/v2\/pages\/2691\/revisions"}],"predecessor-version":[{"id":2701,"href":"https:\/\/www.wysspartner.ch\/en\/wp-json\/wp\/v2\/pages\/2691\/revisions\/2701"}],"wp:attachment":[{"href":"https:\/\/www.wysspartner.ch\/en\/wp-json\/wp\/v2\/media?parent=2691"}],"curies":[{"name":"wp","href":"https:\/\/api.w.org\/{rel}","templated":true}]}}