{"id":113,"date":"2022-04-28T14:48:55","date_gmt":"2022-04-28T14:48:55","guid":{"rendered":"https:\/\/www.wysspartner.ch\/?page_id=113"},"modified":"2026-02-26T11:17:09","modified_gmt":"2026-02-26T10:17:09","slug":"stellen","status":"publish","type":"page","link":"https:\/\/www.wysspartner.ch\/en\/stellen\/","title":{"rendered":"Jobs"},"content":{"rendered":"<div data-elementor-type=\"wp-page\" data-elementor-id=\"113\" class=\"elementor elementor-113\">\n\t\t\t\t\t\t\t\t\t<section class=\"elementor-section elementor-top-section elementor-element elementor-element-765ec0f elementor-section-height-min-height elementor-section-items-bottom elementor-section-boxed elementor-section-height-default\" data-id=\"765ec0f\" data-element_type=\"section\" data-settings='{\"background_background\":\"classic\"}'>\n\t\t\t\t\t\t\t<div class=\"elementor-background-overlay\"><\/div>\n\t\t\t\t\t\t\t<div class=\"elementor-container elementor-column-gap-default\">\n\t\t\t\t\t<div class=\"elementor-column elementor-col-100 elementor-top-column elementor-element elementor-element-15db33d\" data-id=\"15db33d\" data-element_type=\"column\">\n\t\t\t<div class=\"elementor-widget-wrap elementor-element-populated\">\n\t\t\t\t\t\t\t\t<div class=\"elementor-element elementor-element-3d58c0b elementor-widget elementor-widget-heading\" data-id=\"3d58c0b\" data-element_type=\"widget\" data-widget_type=\"heading.default\">\n\t\t\t\t<div class=\"elementor-widget-container\">\n\t\t\t<style>\/*! elementor - v3.7.5 - 14-09-2022 *\/\n.elementor-heading-title{padding:0;margin:0;line-height:1}.elementor-widget-heading .elementor-heading-title[class*=elementor-size-]>a{color:inherit;font-size:inherit;line-height:inherit}.elementor-widget-heading .elementor-heading-title.elementor-size-small{font-size:15px}.elementor-widget-heading .elementor-heading-title.elementor-size-medium{font-size:19px}.elementor-widget-heading .elementor-heading-title.elementor-size-large{font-size:29px}.elementor-widget-heading .elementor-heading-title.elementor-size-xl{font-size:39px}.elementor-widget-heading .elementor-heading-title.elementor-size-xxl{font-size:59px}<\/style><h1 class=\"elementor-heading-title elementor-size-default\">Jobs<\/h1>\t\t<\/div>\n\t\t\t\t<\/div>\n\t\t\t\t\t<\/div>\n\t\t<\/div>\n\t\t\t\t\t\t\t<\/div>\n\t\t<\/section>\n\t\t\t\t<section class=\"elementor-section elementor-top-section elementor-element elementor-element-f20008d elementor-section-boxed elementor-section-height-default elementor-section-height-default\" data-id=\"f20008d\" data-element_type=\"section\" data-settings='{\"background_background\":\"classic\"}'>\n\t\t\t\t\t\t<div class=\"elementor-container elementor-column-gap-default\">\n\t\t\t\t\t<div class=\"elementor-column elementor-col-50 elementor-top-column elementor-element elementor-element-3caca9d\" data-id=\"3caca9d\" data-element_type=\"column\">\n\t\t\t<div class=\"elementor-widget-wrap elementor-element-populated\">\n\t\t\t\t\t\t\t\t<div class=\"elementor-element elementor-element-6f4f4b4 elementor-widget elementor-widget-text-editor\" data-id=\"6f4f4b4\" data-element_type=\"widget\" data-widget_type=\"text-editor.default\">\n\t\t\t\t<div class=\"elementor-widget-container\">\n\t\t\t<style>\/*! elementor - v3.7.5 - 14-09-2022 *\/\n.elementor-widget-text-editor.elementor-drop-cap-view-stacked .elementor-drop-cap{background-color:#818a91;color:#fff}.elementor-widget-text-editor.elementor-drop-cap-view-framed .elementor-drop-cap{color:#818a91;border:3px solid;background-color:transparent}.elementor-widget-text-editor:not(.elementor-drop-cap-view-default) .elementor-drop-cap{margin-top:8px}.elementor-widget-text-editor:not(.elementor-drop-cap-view-default) .elementor-drop-cap-letter{width:1em;height:1em}.elementor-widget-text-editor .elementor-drop-cap{float:left;text-align:center;line-height:1;font-size:50px}.elementor-widget-text-editor .elementor-drop-cap-letter{display:inline-block}<\/style>\t\t\t\t<p>We are an internationally sought-after asset manager, based discreetly at the foot of the legendary Pizol.<\/p><p>With our broad range of services in asset management, we create solutions for various stakeholders and their needs<\/p><p>We value mindset and culture and offer exceptional career opportunities.<\/p>\t\t\t\t\t\t<\/div>\n\t\t\t\t<\/div>\n\t\t\t\t\t<\/div>\n\t\t<\/div>\n\t\t\t\t<div class=\"elementor-column elementor-col-50 elementor-top-column elementor-element elementor-element-8f7335b\" data-id=\"8f7335b\" data-element_type=\"column\">\n\t\t\t<div class=\"elementor-widget-wrap\">\n\t\t\t\t\t\t\t\t\t<\/div>\n\t\t<\/div>\n\t\t\t\t\t\t\t<\/div>\n\t\t<\/section>\n\t\t\t\t<section class=\"elementor-section elementor-top-section elementor-element elementor-element-7b53619 elementor-section-boxed elementor-section-height-default elementor-section-height-default\" data-id=\"7b53619\" data-element_type=\"section\" data-settings='{\"background_background\":\"classic\"}'>\n\t\t\t\t\t\t<div class=\"elementor-container elementor-column-gap-default\">\n\t\t\t\t\t<div class=\"elementor-column elementor-col-100 elementor-top-column elementor-element elementor-element-4b1b021\" data-id=\"4b1b021\" data-element_type=\"column\">\n\t\t\t<div class=\"elementor-widget-wrap elementor-element-populated\">\n\t\t\t\t\t\t\t\t<div class=\"elementor-element elementor-element-b214675 elementor-widget elementor-widget-text-editor\" data-id=\"b214675\" data-element_type=\"widget\" data-widget_type=\"text-editor.default\">\n\t\t\t\t<div class=\"elementor-widget-container\">\n\t\t\t\t\t\t\t<p>Relationship Manager \/ Asset Manager<\/p>\t\t\t\t\t\t<\/div>\n\t\t\t\t<\/div>\n\t\t\t\t<div class=\"elementor-element elementor-element-568de96 job-text elementor-widget elementor-widget-text-editor\" data-id=\"568de96\" data-element_type=\"widget\" data-widget_type=\"text-editor.default\">\n\t\t\t\t<div class=\"elementor-widget-container\">\n\t\t\t\t\t\t\t<p>Are you looking for a professional challenge where you can be fully involved and have more freedom?<\/p><p>We are interested in talking to relationship managers<span style=\"color: var( --e-global-color-88fd84a ); font-family: var( --e-global-typography-9975ce5-font-family ), Sans-serif; font-size: var( --e-global-typography-9975ce5-font-size ); font-style: var( --e-global-typography-9975ce5-font-style ); font-weight: var( --e-global-typography-9975ce5-font-weight ); letter-spacing: var( --e-global-typography-9975ce5-letter-spacing ); word-spacing: var( --e-global-typography-9975ce5-word-spacing );\"> and asset managers.<\/span><\/p>\t\t\t\t\t\t<\/div>\n\t\t\t\t<\/div>\n\t\t\t\t<div class=\"elementor-element elementor-element-e2acfd9 job-text link-cross cross-brown elementor-widget elementor-widget-text-editor\" data-id=\"e2acfd9\" data-element_type=\"widget\" data-widget_type=\"text-editor.default\">\n\t\t\t\t<div class=\"elementor-widget-container\">\n\t\t\t\t\t\t\t<p><a href=\"https:\/\/www.wysspartner.ch\/wp-content\/uploads\/2026\/02\/Relationship-Manager.pdf\" target=\"_blank\" rel=\"noopener\">Learn more<span class=\"cross\"><\/span><\/a><\/p>\t\t\t\t\t\t<\/div>\n\t\t\t\t<\/div>\n\t\t\t\t\t<\/div>\n\t\t<\/div>\n\t\t\t\t\t\t\t<\/div>\n\t\t<\/section>\n\t\t\t\t\t\t\t<\/div>","protected":false},"excerpt":{"rendered":"<p>Stellen Wir sind ein international gesuchter Verm\u00f6gensverwalter, diskret zuhause am Fusse des von Mythen umwobenen Pizol. Mit unserem breiten Angebot rund um die Verm\u00f6gensverwaltung schaffen wir L\u00f6sungen f\u00fcr verschiedene Interessengruppen und deren Bed\u00fcrfnisse. Wir legen Wert auf Haltung und Kultur und bieten aussergew\u00f6hnliche Karrierem\u00f6glichkeiten. Relationship Manager \/ Verm\u00f6gensverwalter Sie suchen eine berufliche Herausforderung, in der [&hellip;]<\/p>","protected":false},"author":1,"featured_media":0,"parent":0,"menu_order":0,"comment_status":"closed","ping_status":"closed","template":"","meta":[],"_links":{"self":[{"href":"https:\/\/www.wysspartner.ch\/en\/wp-json\/wp\/v2\/pages\/113"}],"collection":[{"href":"https:\/\/www.wysspartner.ch\/en\/wp-json\/wp\/v2\/pages"}],"about":[{"href":"https:\/\/www.wysspartner.ch\/en\/wp-json\/wp\/v2\/types\/page"}],"author":[{"embeddable":true,"href":"https:\/\/www.wysspartner.ch\/en\/wp-json\/wp\/v2\/users\/1"}],"replies":[{"embeddable":true,"href":"https:\/\/www.wysspartner.ch\/en\/wp-json\/wp\/v2\/comments?post=113"}],"version-history":[{"count":76,"href":"https:\/\/www.wysspartner.ch\/en\/wp-json\/wp\/v2\/pages\/113\/revisions"}],"predecessor-version":[{"id":15377,"href":"https:\/\/www.wysspartner.ch\/en\/wp-json\/wp\/v2\/pages\/113\/revisions\/15377"}],"wp:attachment":[{"href":"https:\/\/www.wysspartner.ch\/en\/wp-json\/wp\/v2\/media?parent=113"}],"curies":[{"name":"wp","href":"https:\/\/api.w.org\/{rel}","templated":true}]}}